{"id":130,"date":"2017-10-17T13:56:38","date_gmt":"2017-10-17T13:56:38","guid":{"rendered":"http:\/\/www.bbdance.ro\/?page_id=130"},"modified":"2020-05-27T18:49:36","modified_gmt":"2020-05-27T15:49:36","slug":"donatii","status":"publish","type":"page","link":"https:\/\/www.bbdance.ro\/hu\/cum-pot-sa-ajut\/donatii\/","title":{"rendered":"Adom\u00e1nyok"},"content":{"rendered":"<p>A HIFA-Rom\u00e1nia Egyes\u00fclet egy nonprofit szervezet. A m\u0171k\u00f6d\u00e9s\u00e9hez sz\u00fcks\u00e9ges anyagi h\u00e1tteret a mag\u00e1nszem\u00e9lyek adom\u00e1nyai, a v\u00e1llalkoz\u00f3k t\u00e1mogat\u00e1sa \u00e9s a p\u00e1ly\u00e1zatok jelentik.<\/p>\n<div>Asociatia HIFA-Romania<br \/>\nB-dul Pandurilor 18\/1<br \/>\nBanksz\u00e1mlasz\u00e1m: BCR Tg-Mure\u015f 540015 str. Gh. Doja 1-3<br \/>\nRO30RNCB0188034979810001\/RON<br \/>\nRO03RNCB0188034979810002\/EUR<\/div>\n<p><\/p>","protected":false},"excerpt":{"rendered":"<p>A HIFA-Rom\u00e1nia Egyes\u00fclet egy nonprofit szervezet. A m\u0171k\u00f6d\u00e9s\u00e9hez sz\u00fcks\u00e9ges anyagi h\u00e1tteret a mag\u00e1nszem\u00e9lyek adom\u00e1nyai, a v\u00e1llalkoz\u00f3k t\u00e1mogat\u00e1sa \u00e9s a p\u00e1ly\u00e1zatok jelentik. Asociatia HIFA-Romania B-dul Pandurilor 18\/1 Banksz\u00e1mlasz\u00e1m: BCR Tg-Mure\u015f 540015 str. Gh. Doja 1-3 RO30RNCB0188034979810001\/RON RO03RNCB0188034979810002\/EUR<\/p>\n","protected":false},"author":1,"featured_media":0,"parent":30,"menu_order":0,"comment_status":"closed","ping_status":"closed","template":"","meta":{"footnotes":""},"class_list":["post-130","page","type-page","status-publish","hentry"],"jetpack_sharing_enabled":true,"_links":{"self":[{"href":"https:\/\/www.bbdance.ro\/hu\/wp-json\/wp\/v2\/pages\/130","targetHints":{"allow":["GET"]}}],"collection":[{"href":"https:\/\/www.bbdance.ro\/hu\/wp-json\/wp\/v2\/pages"}],"about":[{"href":"https:\/\/www.bbdance.ro\/hu\/wp-json\/wp\/v2\/types\/page"}],"author":[{"embeddable":true,"href":"https:\/\/www.bbdance.ro\/hu\/wp-json\/wp\/v2\/users\/1"}],"replies":[{"embeddable":true,"href":"https:\/\/www.bbdance.ro\/hu\/wp-json\/wp\/v2\/comments?post=130"}],"version-history":[{"count":4,"href":"https:\/\/www.bbdance.ro\/hu\/wp-json\/wp\/v2\/pages\/130\/revisions"}],"predecessor-version":[{"id":679,"href":"https:\/\/www.bbdance.ro\/hu\/wp-json\/wp\/v2\/pages\/130\/revisions\/679"}],"up":[{"embeddable":true,"href":"https:\/\/www.bbdance.ro\/hu\/wp-json\/wp\/v2\/pages\/30"}],"wp:attachment":[{"href":"https:\/\/www.bbdance.ro\/hu\/wp-json\/wp\/v2\/media?parent=130"}],"curies":[{"name":"wp","href":"https:\/\/api.w.org\/{rel}","templated":true}]}}