{"id":135,"date":"2017-10-17T14:00:35","date_gmt":"2017-10-17T14:00:35","guid":{"rendered":"http:\/\/www.bbdance.ro\/?page_id=135"},"modified":"2022-11-13T20:54:36","modified_gmt":"2022-11-13T17:54:36","slug":"2-sau-35","status":"publish","type":"page","link":"https:\/\/www.bbdance.ro\/hu\/cum-pot-sa-ajut\/2-sau-35\/","title":{"rendered":"2% vagy 3,5%"},"content":{"rendered":"<p><strong>Minden civil szem\u00e9lynek joga van j\u00f6vedelmi ad\u00f3j\u00e1nak 2% vagy 3,5%-\u00e1t b\u00e1rmilyen Civil Szervezet c\u00e9lj\u00e1ra felaj\u00e1nlani. Amennyiben a HIFA-Rom\u00e1nia Egyes\u00fcletet szeretn\u00e9 t\u00e1mogatni minden \u00e9v m\u00e1jus 25-ig ezt megteheti.<\/strong><\/p>\n<p>Az elj\u00e1r\u00e1s a k\u00f6vetkez\u0151:<\/p>\n<p><strong>1.<\/strong> K\u00e9relmezz\u00e9k a 230-as nyomtatv\u00e1nyt a helyi P\u00e9nz\u00fcgyi Hivatalt\u00f3l vagy Egyes\u00fclet\u00fcnkn\u00e9l is \u00e1tvehetik. Ugyanakkor r\u00e1 kattintva az al\u00e1bbi linkre let\u00f6lthet\u0151 itt is:<\/p>\n<p><a href=\"https:\/\/hifa.ro\/wp-content\/uploads\/2022\/05\/350-2022.pdf\">https:\/\/hifa.ro\/wp-content\/uploads\/2022\/05\/350-2022.pdf<\/a><\/p>\n<p><strong>2<\/strong>. T\u00f6lts\u00e9k ki a nyomtatv\u00e1nyba a k\u00e9rt adatokat:<br \/>\n\u2013 <strong>\u00e9v<\/strong> (el\u0151z\u0151 \u00e9v)<br \/>\nI. a <strong>szem\u00e9lyes adatok<\/strong> kit\u00f6lt\u00e9se<br \/>\nII. \u2013<br \/>\nIII. a <strong>2.<\/strong> <strong>n\u00e9gyzet kipip\u00e1l\u00e1sa<\/strong>.<br \/>\nA civil szervezet neve \u201eDenumire entitate nonprofit\u201d: <strong>Asocia\u0163ia HIFA-Rom\u00e2nia<\/strong><br \/>\nAd\u00f3sz\u00e1m \u201eCodul de identificare fiscal\u0103 al entit\u0103\u0163ii nonprofit\u201d: <strong>13226582<\/strong><br \/>\nBanksz\u00e1mlasz\u00e1m \u201eCont bancar (IBAN)\u201d: <strong>RO30RNCB0188034979810001<\/strong><br \/>\nMajd az ad\u00f3 <strong>2% vagy 3,5%\u00a0<\/strong> <strong>\u00f6sszeget<\/strong> kell be\u00edrni, de ha ezt nem ismerj\u00fck hagyjuk kit\u00f6ltetlen\u00fcl, majd az ad\u00f3hivatal kisz\u00e1m\u00edtja.<br \/>\nIV. \u2013<\/p>\n<p><strong>3.<\/strong> Ne feledj\u00e9k az <strong>al\u00e1\u00edr\u00e1st<\/strong>.<\/p>\n<p><strong>4.<\/strong> A 230 nyomtatv\u00e1nyt k\u00e9t p\u00e9ld\u00e1nyban kell kit\u00f6lteni, egy \u00f6nnek marad.<\/p>\n<p><strong>5.<\/strong> A nyomtatv\u00e1nyt szem\u00e9lyesen vagy lev\u00e9lben a helyi P\u00e9nz\u00fcgyi Hivataln\u00e1l vagy egyes\u00fclet\u00fcnk sz\u00e9khely\u00e9n adhatj\u00e1k le.<\/p>\n<p>Azok a szem\u00e9lyek akiknek m\u00e1s j\u00f6vedelm\u00fck is volt a <strong><a href=\"http:\/\/hifa.ro\/wp-content\/uploads\/2015\/dec_200_2014.pdf\">200 NYOMTATV\u00c1NYT<\/a><\/strong> kell kit\u00f6lteni\u00fck, bele\u00e9rtve a civil szervezeteknek ir\u00e1ny\u00edtott 2% vagy 3,5%-os ad\u00f3nak fenntartott helyet.<\/p>","protected":false},"excerpt":{"rendered":"<p>Minden civil szem\u00e9lynek joga van j\u00f6vedelmi ad\u00f3j\u00e1nak 2% vagy 3,5%-\u00e1t b\u00e1rmilyen Civil Szervezet c\u00e9lj\u00e1ra felaj\u00e1nlani. Amennyiben a HIFA-Rom\u00e1nia Egyes\u00fcletet szeretn\u00e9 t\u00e1mogatni minden \u00e9v m\u00e1jus 25-ig ezt megteheti. Az elj\u00e1r\u00e1s a k\u00f6vetkez\u0151: 1. K\u00e9relmezz\u00e9k a 230-as nyomtatv\u00e1nyt a helyi P\u00e9nz\u00fcgyi Hivatalt\u00f3l vagy Egyes\u00fclet\u00fcnkn\u00e9l is \u00e1tvehetik. Ugyanakkor [&hellip;]<\/p>\n","protected":false},"author":1,"featured_media":0,"parent":30,"menu_order":0,"comment_status":"closed","ping_status":"closed","template":"","meta":{"footnotes":""},"class_list":["post-135","page","type-page","status-publish","hentry"],"jetpack_sharing_enabled":true,"_links":{"self":[{"href":"https:\/\/www.bbdance.ro\/hu\/wp-json\/wp\/v2\/pages\/135","targetHints":{"allow":["GET"]}}],"collection":[{"href":"https:\/\/www.bbdance.ro\/hu\/wp-json\/wp\/v2\/pages"}],"about":[{"href":"https:\/\/www.bbdance.ro\/hu\/wp-json\/wp\/v2\/types\/page"}],"author":[{"embeddable":true,"href":"https:\/\/www.bbdance.ro\/hu\/wp-json\/wp\/v2\/users\/1"}],"replies":[{"embeddable":true,"href":"https:\/\/www.bbdance.ro\/hu\/wp-json\/wp\/v2\/comments?post=135"}],"version-history":[{"count":7,"href":"https:\/\/www.bbdance.ro\/hu\/wp-json\/wp\/v2\/pages\/135\/revisions"}],"predecessor-version":[{"id":1871,"href":"https:\/\/www.bbdance.ro\/hu\/wp-json\/wp\/v2\/pages\/135\/revisions\/1871"}],"up":[{"embeddable":true,"href":"https:\/\/www.bbdance.ro\/hu\/wp-json\/wp\/v2\/pages\/30"}],"wp:attachment":[{"href":"https:\/\/www.bbdance.ro\/hu\/wp-json\/wp\/v2\/media?parent=135"}],"curies":[{"name":"wp","href":"https:\/\/api.w.org\/{rel}","templated":true}]}}