{"id":28,"date":"2017-10-12T10:20:16","date_gmt":"2017-10-12T10:20:16","guid":{"rendered":"http:\/\/www.bbdance.ro\/?page_id=28"},"modified":"2022-11-13T00:16:16","modified_gmt":"2022-11-12T21:16:16","slug":"group-trupa-csapat","status":"publish","type":"page","link":"https:\/\/www.bbdance.ro\/hu\/group-trupa-csapat\/","title":{"rendered":"CSAPAT"},"content":{"rendered":"<p>A t\u00e1nccsoport, ahogy eml\u00edtett\u00fck, mozg\u00e1ss\u00e9r\u00fclt fiatalokb\u00f3l \u00e9s Marosv\u00e1s\u00e1rhelyen tanul\u00f3 egyetemi di\u00e1kokb\u00f3l tev\u0151dik \u00f6ssze. K\u00fcl\u00f6n dics\u00e9retet \u00e9rdemelnek \u0151k maguk is az id\u0151r\u00e1ford\u00edt\u00e1s\u00e9rt \u00e9s komoly, elk\u00f6telezett munk\u00e1\u00e9rt \u2013 hiszen id\u0151t szak\u00edtanak erre a nem-mindennapi feladatra.<\/p>\n<p>&nbsp;<\/p>\n<h2><strong>A 2016-os t\u00e1nccsoport tagjai:<\/strong><\/h2>\n<p><strong>H\u00f6lgyek: <\/strong>Katona T\u00edmea-Aranka, R\u00e9ka Kotr\u00f3, T\u00f3th No\u00e9mi, Sz\u00e9kely Be\u00e1ta \u00e9s Margareta Gy\u00f6rfi.<\/p>\n<p><strong>F\u00e9rfiak:<\/strong><span style=\"font-size: 1rem;\"> Faluv\u00e9gi D\u00e9nes, \u0150sz K\u00e1roly Szil\u00e1rd, Graur Zsolt, \u00dajfalvi J\u00e1nos \u00e9s Mih\u00e1ly Demeter.<\/span><\/p>\n<p>&nbsp;<\/p>\n<p><a href=\"http:\/\/www.bbdance.ro\/wp-content\/uploads\/2017\/12\/15328160_1275235189217082_513037223_n.jpg\"><img loading=\"lazy\" decoding=\"async\" class=\"aligncenter size-full wp-image-454\" src=\"http:\/\/www.bbdance.ro\/wp-content\/uploads\/2017\/12\/15328160_1275235189217082_513037223_n.jpg\" alt=\"\" width=\"960\" height=\"638\" srcset=\"https:\/\/www.bbdance.ro\/wp-content\/uploads\/2017\/12\/15328160_1275235189217082_513037223_n.jpg 960w, https:\/\/www.bbdance.ro\/wp-content\/uploads\/2017\/12\/15328160_1275235189217082_513037223_n-300x199.jpg 300w, https:\/\/www.bbdance.ro\/wp-content\/uploads\/2017\/12\/15328160_1275235189217082_513037223_n-768x510.jpg 768w\" sizes=\"auto, (max-width: 960px) 100vw, 960px\" \/><\/a><\/p>\n<p>&nbsp;<\/p>\n<h2><strong>2017<\/strong>-ben \u00fajraalakult a t\u00e1nccsoport, ugyanis n\u00e9h\u00e1nyukat az \u00e9let m\u00e1s feladatokra h\u00edvta.<\/h2>\n<h2><strong>A t\u00e1nccsoport tagjai:<\/strong><\/h2>\n<p><strong>H\u00f6lgyek:<\/strong> Kohn Kinga (2019-ben elt\u00e1vozott a csapatt\u00f3l), T\u00f3th No\u00e9mi, Luk\u00e1cs T\u00fcnde, Szikszai Barbara Blanka \u00e9s Katona T\u00edmea-Aranka.<\/p>\n<p><strong>F\u00e9rfiak:<\/strong> Graur Zsolti (2019-ben elt\u00e1vozott a csapatt\u00f3l), \u0150sz K\u00e1roly Szil\u00e1rd, Szikszai Csaba G\u00e1sp\u00e1r, Zsigmond Fl\u00e1vi \u00e9s Faluv\u00e9gi D\u00e9nes.<\/p>\n<p>&nbsp;<\/p>\n<p><a href=\"http:\/\/www.bbdance.ro\/wp-content\/uploads\/2017\/12\/DSC_0588.jpg\"><img loading=\"lazy\" decoding=\"async\" class=\"aligncenter size-full wp-image-463\" src=\"http:\/\/www.bbdance.ro\/wp-content\/uploads\/2017\/12\/DSC_0588.jpg\" alt=\"\" width=\"1614\" height=\"1080\" srcset=\"https:\/\/www.bbdance.ro\/wp-content\/uploads\/2017\/12\/DSC_0588.jpg 1614w, https:\/\/www.bbdance.ro\/wp-content\/uploads\/2017\/12\/DSC_0588-300x201.jpg 300w, https:\/\/www.bbdance.ro\/wp-content\/uploads\/2017\/12\/DSC_0588-768x514.jpg 768w, https:\/\/www.bbdance.ro\/wp-content\/uploads\/2017\/12\/DSC_0588-1024x685.jpg 1024w\" sizes=\"auto, (max-width: 1614px) 100vw, 1614px\" \/><\/a><\/p>\n<p>&nbsp;<\/p>\n<h2><strong>2021-2022<\/strong>-ben \u00fajabb v\u00e1ltoz\u00e1sokon ment kereszt\u00fcl a t\u00e1nccsoport, de ez \u00edgy term\u00e9szetes mivel maga az \u00e9let is folytonosan v\u00e1ltozatos, semmi sem maradand\u00f3.<\/h2>\n<p>&nbsp;<\/p>\n<p><a href=\"http:\/\/www.bbdance.ro\/wp-content\/uploads\/2022\/01\/super-jo.jpg\"><img loading=\"lazy\" decoding=\"async\" class=\"aligncenter size-full wp-image-1539\" src=\"http:\/\/www.bbdance.ro\/wp-content\/uploads\/2022\/01\/super-jo.jpg\" alt=\"\" width=\"1600\" height=\"720\" srcset=\"https:\/\/www.bbdance.ro\/wp-content\/uploads\/2022\/01\/super-jo.jpg 1600w, https:\/\/www.bbdance.ro\/wp-content\/uploads\/2022\/01\/super-jo-300x135.jpg 300w, https:\/\/www.bbdance.ro\/wp-content\/uploads\/2022\/01\/super-jo-1024x461.jpg 1024w, https:\/\/www.bbdance.ro\/wp-content\/uploads\/2022\/01\/super-jo-768x346.jpg 768w, https:\/\/www.bbdance.ro\/wp-content\/uploads\/2022\/01\/super-jo-1536x691.jpg 1536w, https:\/\/www.bbdance.ro\/wp-content\/uploads\/2022\/01\/super-jo-24x11.jpg 24w, https:\/\/www.bbdance.ro\/wp-content\/uploads\/2022\/01\/super-jo-36x16.jpg 36w, https:\/\/www.bbdance.ro\/wp-content\/uploads\/2022\/01\/super-jo-48x22.jpg 48w\" sizes=\"auto, (max-width: 1600px) 100vw, 1600px\" \/><\/a><\/p>\n<p><a href=\"http:\/\/www.bbdance.ro\/wp-content\/uploads\/2022\/11\/cropped-MVP4905.jpg\"><img loading=\"lazy\" decoding=\"async\" class=\"aligncenter size-full wp-image-1761\" src=\"http:\/\/www.bbdance.ro\/wp-content\/uploads\/2022\/11\/cropped-MVP4905.jpg\" alt=\"\" width=\"1900\" height=\"1267\" srcset=\"https:\/\/www.bbdance.ro\/wp-content\/uploads\/2022\/11\/cropped-MVP4905.jpg 1900w, https:\/\/www.bbdance.ro\/wp-content\/uploads\/2022\/11\/cropped-MVP4905-300x200.jpg 300w, https:\/\/www.bbdance.ro\/wp-content\/uploads\/2022\/11\/cropped-MVP4905-1024x683.jpg 1024w, https:\/\/www.bbdance.ro\/wp-content\/uploads\/2022\/11\/cropped-MVP4905-768x512.jpg 768w, https:\/\/www.bbdance.ro\/wp-content\/uploads\/2022\/11\/cropped-MVP4905-1536x1024.jpg 1536w, https:\/\/www.bbdance.ro\/wp-content\/uploads\/2022\/11\/cropped-MVP4905-24x16.jpg 24w, https:\/\/www.bbdance.ro\/wp-content\/uploads\/2022\/11\/cropped-MVP4905-36x24.jpg 36w, https:\/\/www.bbdance.ro\/wp-content\/uploads\/2022\/11\/cropped-MVP4905-48x32.jpg 48w\" sizes=\"auto, (max-width: 1900px) 100vw, 1900px\" \/><\/a><\/p>\n<p>&nbsp;<\/p>\n<p>A csoport kerekessz\u00e9kben \u00fcl\u0151 fiataljair\u00f3l egy\u00f6ntet\u0171en elmondhat\u00f3, hogy baleset k\u00f6vetkezt\u00e9ben v\u00e1ltak mozg\u00e1skorl\u00e1tozott\u00e1. A baleset bek\u00f6vetkeztekor legt\u00f6bben a h\u00faszas, harmincas \u00e9veikben voltak. Le az \u00f6sszes kalapokkal el\u0151tt\u00fck, hogy az akad\u00e1lyokon t\u00fall\u00e9pve, amit a t\u00e1rsadalom, saj\u00e1t \u00e1llapotuk g\u00f6rd\u00edtett elej\u00fckbe \u2013 t\u00fall\u00e9ptek ezen, \u00e9s igazi k\u00f6vetend\u0151 p\u00e9ld\u00e1t mutatnak mindannyiunk sz\u00e1m\u00e1ra!<\/p>\n<p>K\u00fcl\u00f6n k\u00f6sz\u00f6net az egyetemista l\u00e1nyoknak, akik noha tengernyi elfoglalts\u00e1guk indokoltt\u00e1 tenn\u00e9 sok esetben a t\u00e1volmarad\u00e1sukat, mindent megtettek az elm\u00falt h\u00f3napok sor\u00e1n annak \u00e9rdek\u00e9ben, hogy r\u00e9szt vegyenek, \u00e9s kem\u00e9nyen dolgozzanak a pr\u00f3b\u00e1kon, majd az el\u0151ad\u00e1sokon.<\/p>\n<p>Sz\u00edv\u00fcnk v\u00e1gya, hogy az elk\u00f6vetkezend\u0151kben is egyre t\u00f6bb el\u0151ad\u00e1snak, fell\u00e9p\u00e9snek lehess\u00fcnk tan\u00fai, mely mindannyiunk sz\u00e1m\u00e1ra p\u00e9ld\u00e1t statu\u00e1l kitart\u00e1sb\u00f3l, akarater\u0151b\u0151l, embers\u00e9gb\u0151l \u00e9s szeretetb\u0151l. Hiszen ezen \u00f6sszetev\u0151kkel felv\u00e9rtezve minden lehets\u00e9ges.<\/p>","protected":false},"excerpt":{"rendered":"<p>A t\u00e1nccsoport, ahogy eml\u00edtett\u00fck, mozg\u00e1ss\u00e9r\u00fclt fiatalokb\u00f3l \u00e9s Marosv\u00e1s\u00e1rhelyen tanul\u00f3 egyetemi di\u00e1kokb\u00f3l tev\u0151dik \u00f6ssze. K\u00fcl\u00f6n dics\u00e9retet \u00e9rdemelnek \u0151k maguk is az id\u0151r\u00e1ford\u00edt\u00e1s\u00e9rt \u00e9s komoly, elk\u00f6telezett munk\u00e1\u00e9rt \u2013 hiszen id\u0151t szak\u00edtanak erre a nem-mindennapi feladatra. &nbsp; A 2016-os t\u00e1nccsoport tagjai: H\u00f6lgyek: Katona T\u00edmea-Aranka, R\u00e9ka Kotr\u00f3, T\u00f3th No\u00e9mi, [&hellip;]<\/p>\n","protected":false},"author":1,"featured_media":0,"parent":0,"menu_order":0,"comment_status":"closed","ping_status":"closed","template":"","meta":{"footnotes":""},"class_list":["post-28","page","type-page","status-publish","hentry"],"jetpack_sharing_enabled":true,"_links":{"self":[{"href":"https:\/\/www.bbdance.ro\/hu\/wp-json\/wp\/v2\/pages\/28","targetHints":{"allow":["GET"]}}],"collection":[{"href":"https:\/\/www.bbdance.ro\/hu\/wp-json\/wp\/v2\/pages"}],"about":[{"href":"https:\/\/www.bbdance.ro\/hu\/wp-json\/wp\/v2\/types\/page"}],"author":[{"embeddable":true,"href":"https:\/\/www.bbdance.ro\/hu\/wp-json\/wp\/v2\/users\/1"}],"replies":[{"embeddable":true,"href":"https:\/\/www.bbdance.ro\/hu\/wp-json\/wp\/v2\/comments?post=28"}],"version-history":[{"count":7,"href":"https:\/\/www.bbdance.ro\/hu\/wp-json\/wp\/v2\/pages\/28\/revisions"}],"predecessor-version":[{"id":1862,"href":"https:\/\/www.bbdance.ro\/hu\/wp-json\/wp\/v2\/pages\/28\/revisions\/1862"}],"wp:attachment":[{"href":"https:\/\/www.bbdance.ro\/hu\/wp-json\/wp\/v2\/media?parent=28"}],"curies":[{"name":"wp","href":"https:\/\/api.w.org\/{rel}","templated":true}]}}