{"id":73,"date":"2017-10-16T08:02:31","date_gmt":"2017-10-16T08:02:31","guid":{"rendered":"http:\/\/www.bbdance.ro\/?page_id=73"},"modified":"2024-10-25T11:57:00","modified_gmt":"2024-10-25T08:57:00","slug":"bbdance","status":"publish","type":"page","link":"https:\/\/www.bbdance.ro\/hu\/","title":{"rendered":"BBdance"},"content":{"rendered":"<p>A <a href=\"https:\/\/hifa.ro\/?lang=hungarian\">HIFA-Rom\u00e1nia Egyes\u00fclet<\/a> <strong>BB Dance<\/strong> t\u00e1nccsoportja alap\u00edt\u00e1s\u00e1nak \u00f6tlete a 2015-\u00f6s \u00e9v szeptember\u00e9ben sz\u00fcletett, amikor a HIFA-ROM\u00c1NIA Egyes\u00fclet munkat\u00e1rsai megkerest\u00e9k Somodi Katalin t\u00e1nctan\u00e1rt, pontoz\u00f3b\u00edr\u00f3t \u00e9s a Dance Art sport klub egyik alap\u00edt\u00f3j\u00e1t \u00e9s eln\u00f6k\u00e9t, azzal a k\u00e9r\u00e9ssel, hogy az egyes\u00fclet 15-ik \u00e9vfordul\u00f3ja alkalm\u00e1b\u00f3l t\u00e1ncot tan\u00edtson be egy vegyes \u2013 mozg\u00e1ss\u00e9r\u00fclt \u00e9s eg\u00e9szs\u00e9ges fiatal p\u00e1r el\u0151ad\u00e1s\u00e1ban. A n\u00e9v az angol <strong>Building Bridges<\/strong> kifejez\u00e9s r\u00f6vid\u00edt\u00e9se, azaz <strong>\u00c9p\u00edts\u00fcnk Hidakat<\/strong>, amely egyes\u00fclet\u00fcnk t\u00f6bb projektj\u00e9nek \u00e9s programj\u00e1nak is vez\u00e9rmott\u00f3ja. A bemutat\u00f3 annyira sikeres volt, hogy szinte k\u00f6z\u00f6s akarattal d\u0151lt el annak a v\u00e1gya, hogy egy eg\u00e9sz t\u00e1nccsoport k\u00f6vesse a b\u00e1tor fiatal p\u00e1r \u2013 Bereczki \u00c9va \u00e9s Kelemen Attila p\u00e9ld\u00e1j\u00e1t.<\/p>\n<p>&nbsp;<\/p>\n<p><a href=\"http:\/\/www.bbdance.ro\/wp-content\/uploads\/2020\/05\/DSC_0502.jpg\"><img loading=\"lazy\" decoding=\"async\" class=\"alignnone size-full wp-image-605\" src=\"http:\/\/www.bbdance.ro\/wp-content\/uploads\/2020\/05\/DSC_0502.jpg\" alt=\"\" width=\"1620\" height=\"1080\" srcset=\"https:\/\/www.bbdance.ro\/wp-content\/uploads\/2020\/05\/DSC_0502.jpg 1620w, https:\/\/www.bbdance.ro\/wp-content\/uploads\/2020\/05\/DSC_0502-300x200.jpg 300w, https:\/\/www.bbdance.ro\/wp-content\/uploads\/2020\/05\/DSC_0502-1024x683.jpg 1024w, https:\/\/www.bbdance.ro\/wp-content\/uploads\/2020\/05\/DSC_0502-768x512.jpg 768w, https:\/\/www.bbdance.ro\/wp-content\/uploads\/2020\/05\/DSC_0502-1536x1024.jpg 1536w\" sizes=\"auto, (max-width: 1620px) 100vw, 1620px\" \/><\/a><\/p>\n<p><a href=\"http:\/\/www.bbdance.ro\/wp-content\/uploads\/2020\/05\/DSC_0503.jpg\"><img loading=\"lazy\" decoding=\"async\" class=\"alignnone size-full wp-image-606\" src=\"http:\/\/www.bbdance.ro\/wp-content\/uploads\/2020\/05\/DSC_0503.jpg\" alt=\"\" width=\"1620\" height=\"1080\" srcset=\"https:\/\/www.bbdance.ro\/wp-content\/uploads\/2020\/05\/DSC_0503.jpg 1620w, https:\/\/www.bbdance.ro\/wp-content\/uploads\/2020\/05\/DSC_0503-300x200.jpg 300w, https:\/\/www.bbdance.ro\/wp-content\/uploads\/2020\/05\/DSC_0503-1024x683.jpg 1024w, https:\/\/www.bbdance.ro\/wp-content\/uploads\/2020\/05\/DSC_0503-768x512.jpg 768w, https:\/\/www.bbdance.ro\/wp-content\/uploads\/2020\/05\/DSC_0503-1536x1024.jpg 1536w\" sizes=\"auto, (max-width: 1620px) 100vw, 1620px\" \/><\/a><\/p>\n<h2><strong>Kelemen Attila \u2013 Bereczki \u00c9va<\/strong><\/h2>\n<p>&nbsp;<\/p>\n<p>Az els\u0151 l\u00e9p\u00e9s \u2013 az indul\u00e1shoz sz\u00fcks\u00e9ges anyagiak, illetve motiv\u00e1ci\u00f3 a K\u00f6z\u00f6ss\u00e9gi Alap\u00edtv\u00e1ny Adom\u00e1nyoz\u00f3i K\u00f6r 2015-\u00f6s novemberi p\u00e1ly\u00e1zat\u00e1n val\u00f3 r\u00e9szv\u00e9tel volt, melynek t\u00e9m\u00e1ja a Kerekek t\u00e1nca el\u0151ad\u00e1s megszervez\u00e9se volt.<\/p>\n<p>Az ebb\u0151l nyert \u00f6sszeg fedezte a kezdetekben az \u00fczemanyag k\u00f6lts\u00e9g\u00e9t, mely biztos\u00edtani tudta a t\u00e1ncosok sz\u00e1ll\u00edt\u00e1s\u00e1t. Hiszen a t\u00e1nccsoport tagjai nemcsak marosv\u00e1s\u00e1rhelyiek, hanem Segesv\u00e1r, Sz\u00e1szr\u00e9gen, Ny\u00e1r\u00e1dmagyar\u00f3s ter\u00fclet\u00e9r\u0151l utaznak be minden egyes pr\u00f3b\u00e1ra.<\/p>\n<p>Az egyik legnagyobb kih\u00edv\u00e1s, amelyet az egyes\u00fclet sikeresen teljes\u00edtett a speci\u00e1lis kerekes sz\u00e9kek beszerz\u00e9se volt. V\u00e9g\u00fcl jut\u00e1nyos \u00e1ron tudtuk megv\u00e1s\u00e1rolni.<\/p>\n<p>A tov\u00e1bbiakban Katalin komoly munk\u00e1j\u00e1nak k\u00f6sz\u00f6nhet\u0151en heti k\u00e9t t\u00e1ncpr\u00f3b\u00e1ra ker\u00fclt sor, melynek a kezdetekben a Deus Providebit Tanulm\u00e1nyi H\u00e1z adott helyet, majd a Sapientia EMTE koronkai egyetemi \u00e9p\u00fclete v\u00e1lt fellegv\u00e1r\u00e1v\u00e1. Ez \u00faton k\u00f6sz\u00f6nj\u00fck a Sapientia vezet\u0151s\u00e9g\u00e9nek is, hogy rendelkez\u00e9s\u00fcnkre bocs\u00e1tja az egyetem aul\u00e1j\u00e1t, amely mind a t\u00e9r, mind a f\u00e9nyviszonyok szempontj\u00e1b\u00f3l t\u00f6k\u00e9letesen megfelel sz\u00e1munkra.<\/p>\n<p>Nagyon fontos megeml\u00edten\u00fcnk, hogy Somodi Katalin igent mondott els\u0151 felk\u00e9r\u00e9sre \u00e9s az\u00f3ta is t\u00f6retlen\u00fcl, tiszteletrem\u00e9lt\u00f3 komolys\u00e1ggal \u00e9s kem\u00e9ny munk\u00e1val oktatja a csoport tagjait szebbn\u00e9l szebb koreogr\u00e1fi\u00e1k betan\u00edt\u00e1s\u00e1ban \u2013 s mindezt teszi \u00f6nk\u00e9ntesen, szeretetb\u0151l.<\/p>\n<p>&nbsp;<\/p>\n<p><a href=\"http:\/\/www.bbdance.ro\/wp-content\/uploads\/2017\/12\/10.jpg\"><img loading=\"lazy\" decoding=\"async\" class=\"aligncenter size-full wp-image-448\" src=\"http:\/\/www.bbdance.ro\/wp-content\/uploads\/2017\/12\/10.jpg\" alt=\"\" width=\"1613\" height=\"1080\" srcset=\"https:\/\/www.bbdance.ro\/wp-content\/uploads\/2017\/12\/10.jpg 1613w, https:\/\/www.bbdance.ro\/wp-content\/uploads\/2017\/12\/10-300x201.jpg 300w, https:\/\/www.bbdance.ro\/wp-content\/uploads\/2017\/12\/10-768x514.jpg 768w, https:\/\/www.bbdance.ro\/wp-content\/uploads\/2017\/12\/10-1024x685.jpg 1024w\" sizes=\"auto, (max-width: 1613px) 100vw, 1613px\" \/><\/a><\/p>\n<p><a href=\"http:\/\/www.bbdance.ro\/wp-content\/uploads\/2017\/12\/21.jpg\"><img loading=\"lazy\" decoding=\"async\" class=\"aligncenter size-full wp-image-453\" src=\"http:\/\/www.bbdance.ro\/wp-content\/uploads\/2017\/12\/21.jpg\" alt=\"\" width=\"1200\" height=\"803\" srcset=\"https:\/\/www.bbdance.ro\/wp-content\/uploads\/2017\/12\/21.jpg 1200w, https:\/\/www.bbdance.ro\/wp-content\/uploads\/2017\/12\/21-300x201.jpg 300w, https:\/\/www.bbdance.ro\/wp-content\/uploads\/2017\/12\/21-768x514.jpg 768w, https:\/\/www.bbdance.ro\/wp-content\/uploads\/2017\/12\/21-1024x685.jpg 1024w\" sizes=\"auto, (max-width: 1200px) 100vw, 1200px\" \/><\/a><\/p>","protected":false},"excerpt":{"rendered":"<p>A HIFA-Rom\u00e1nia Egyes\u00fclet BB Dance t\u00e1nccsoportja alap\u00edt\u00e1s\u00e1nak \u00f6tlete a 2015-\u00f6s \u00e9v szeptember\u00e9ben sz\u00fcletett, amikor a HIFA-ROM\u00c1NIA Egyes\u00fclet munkat\u00e1rsai megkerest\u00e9k Somodi Katalin t\u00e1nctan\u00e1rt, pontoz\u00f3b\u00edr\u00f3t \u00e9s a Dance Art sport klub egyik alap\u00edt\u00f3j\u00e1t \u00e9s eln\u00f6k\u00e9t, azzal a k\u00e9r\u00e9ssel, hogy az egyes\u00fclet 15-ik \u00e9vfordul\u00f3ja alkalm\u00e1b\u00f3l t\u00e1ncot tan\u00edtson be [&hellip;]<\/p>\n","protected":false},"author":1,"featured_media":0,"parent":0,"menu_order":0,"comment_status":"closed","ping_status":"closed","template":"","meta":{"footnotes":""},"class_list":["post-73","page","type-page","status-publish","hentry"],"jetpack_sharing_enabled":true,"_links":{"self":[{"href":"https:\/\/www.bbdance.ro\/hu\/wp-json\/wp\/v2\/pages\/73","targetHints":{"allow":["GET"]}}],"collection":[{"href":"https:\/\/www.bbdance.ro\/hu\/wp-json\/wp\/v2\/pages"}],"about":[{"href":"https:\/\/www.bbdance.ro\/hu\/wp-json\/wp\/v2\/types\/page"}],"author":[{"embeddable":true,"href":"https:\/\/www.bbdance.ro\/hu\/wp-json\/wp\/v2\/users\/1"}],"replies":[{"embeddable":true,"href":"https:\/\/www.bbdance.ro\/hu\/wp-json\/wp\/v2\/comments?post=73"}],"version-history":[{"count":8,"href":"https:\/\/www.bbdance.ro\/hu\/wp-json\/wp\/v2\/pages\/73\/revisions"}],"predecessor-version":[{"id":2168,"href":"https:\/\/www.bbdance.ro\/hu\/wp-json\/wp\/v2\/pages\/73\/revisions\/2168"}],"wp:attachment":[{"href":"https:\/\/www.bbdance.ro\/hu\/wp-json\/wp\/v2\/media?parent=73"}],"curies":[{"name":"wp","href":"https:\/\/api.w.org\/{rel}","templated":true}]}}